{"id":183,"date":"2020-06-22T18:05:46","date_gmt":"2020-06-22T16:05:46","guid":{"rendered":"https:\/\/altradpoland.home.pl\/2020\/?page_id=183"},"modified":"2020-06-22T18:07:50","modified_gmt":"2020-06-22T16:07:50","slug":"kodeks-etyki","status":"publish","type":"page","link":"https:\/\/altradpoland.pl\/?page_id=183","title":{"rendered":"Kodeks Etyki"},"content":{"rendered":"\n<p><strong>Podstawowe warto\u015bci firmy Altrad :<\/strong><\/p>\n\n\n\n<p>Grupa Altrad zawsze b\u0119dzie stara\u0142a si\u0119 post\u0119powa\u0107 zgodnie z najbardziej rygorystycznymi standardami etycznymi. Niniejszy Kodeks odzwierciedla zaanga\u017cowanie Grupy Altrad na rzecz uczciwo\u015bci i ma na celu pom\u00f3c pracownikom oraz partnerom Grupy w zrozumieniu standard\u00f3w, kt\u00f3rych si\u0119 od nich oczekuje, zawiera tak\u017ce informacje, gdzie szuka\u0107 dalszej pomocy w celu osi\u0105gni\u0119cia tych standard\u00f3w.<\/p>\n\n\n\n<p>Pobierz pe\u0142ny kodeks etyki firmy Altrad:<\/p>\n\n\n\n<div class=\"wp-block-file\"><a href=\"https:\/\/altradpoland.home.pl\/2020\/wp-content\/uploads\/2020\/06\/VPolish.pdf\">wersja po polsku<\/a><a href=\"https:\/\/altradpoland.home.pl\/2020\/wp-content\/uploads\/2020\/06\/VPolish.pdf\" class=\"wp-block-file__button\" download>Pobierz<\/a><\/div>\n\n\n\n<div class=\"wp-block-file\"><a href=\"https:\/\/altradpoland.home.pl\/2020\/wp-content\/uploads\/2020\/06\/VEnglish.pdf\">wersja po angielsku<\/a><a href=\"https:\/\/altradpoland.home.pl\/2020\/wp-content\/uploads\/2020\/06\/VEnglish.pdf\" class=\"wp-block-file__button\" download>Pobierz<\/a><\/div>\n\n\n\n<p><\/p>\n","protected":false},"excerpt":{"rendered":"<p>Podstawowe warto\u015bci firmy Altrad : Grupa Altrad zawsze b\u0119dzie stara\u0142a si\u0119 post\u0119powa\u0107 zgodnie z najbardziej rygorystycznymi standardami etycznymi. Niniejszy Kodeks<\/p>\n","protected":false},"author":1,"featured_media":0,"parent":0,"menu_order":0,"comment_status":"closed","ping_status":"closed","template":"","meta":{"footnotes":""},"class_list":["post-183","page","type-page","status-publish","hentry","comments-off"],"_links":{"self":[{"href":"https:\/\/altradpoland.pl\/index.php?rest_route=\/wp\/v2\/pages\/183","targetHints":{"allow":["GET"]}}],"collection":[{"href":"https:\/\/altradpoland.pl\/index.php?rest_route=\/wp\/v2\/pages"}],"about":[{"href":"https:\/\/altradpoland.pl\/index.php?rest_route=\/wp\/v2\/types\/page"}],"author":[{"embeddable":true,"href":"https:\/\/altradpoland.pl\/index.php?rest_route=\/wp\/v2\/users\/1"}],"replies":[{"embeddable":true,"href":"https:\/\/altradpoland.pl\/index.php?rest_route=%2Fwp%2Fv2%2Fcomments&post=183"}],"version-history":[{"count":3,"href":"https:\/\/altradpoland.pl\/index.php?rest_route=\/wp\/v2\/pages\/183\/revisions"}],"predecessor-version":[{"id":190,"href":"https:\/\/altradpoland.pl\/index.php?rest_route=\/wp\/v2\/pages\/183\/revisions\/190"}],"wp:attachment":[{"href":"https:\/\/altradpoland.pl\/index.php?rest_route=%2Fwp%2Fv2%2Fmedia&parent=183"}],"curies":[{"name":"wp","href":"https:\/\/api.w.org\/{rel}","templated":true}]}}