{"id":237,"date":"2021-05-25T12:55:22","date_gmt":"2021-05-25T10:55:22","guid":{"rendered":"https:\/\/altradpoland.pl\/?page_id=237"},"modified":"2024-06-03T10:49:06","modified_gmt":"2024-06-03T08:49:06","slug":"reklamacje","status":"publish","type":"page","link":"https:\/\/altradpoland.pl\/?page_id=237","title":{"rendered":"Reklamacje"},"content":{"rendered":"\n<div class=\"wp-block-contact-form-7-contact-form-selector\">\n<div class=\"wpcf7 no-js\" id=\"wpcf7-f240-o1\" lang=\"pl-PL\" dir=\"ltr\" data-wpcf7-id=\"240\">\n<div class=\"screen-reader-response\"><p role=\"status\" aria-live=\"polite\" aria-atomic=\"true\"><\/p> <ul><\/ul><\/div>\n<form action=\"\/index.php?rest_route=%2Fwp%2Fv2%2Fpages%2F237#wpcf7-f240-o1\" method=\"post\" class=\"wpcf7-form init\" aria-label=\"Formularz kontaktowy\" enctype=\"multipart\/form-data\" novalidate=\"novalidate\" data-status=\"init\">\n<fieldset class=\"hidden-fields-container\"><input type=\"hidden\" name=\"_wpcf7\" value=\"240\" \/><input type=\"hidden\" name=\"_wpcf7_version\" value=\"6.1.5\" \/><input type=\"hidden\" name=\"_wpcf7_locale\" value=\"pl_PL\" \/><input type=\"hidden\" name=\"_wpcf7_unit_tag\" value=\"wpcf7-f240-o1\" \/><input type=\"hidden\" name=\"_wpcf7_container_post\" value=\"0\" \/><input type=\"hidden\" name=\"_wpcf7_posted_data_hash\" value=\"\" \/><input type=\"hidden\" name=\"_wpcf7_recaptcha_response\" value=\"\" \/>\n<\/fieldset>\n<p>Formularz reklamacyjny Altrad Poland S.A.\n<\/p>\n<p><b>Informacje o produkcie:<\/b>\n<\/p>\n<p><span class=\"wpcf7-form-control-wrap\" data-name=\"model\"><input size=\"40\" maxlength=\"400\" class=\"wpcf7-form-control wpcf7-text wpcf7-validates-as-required\" aria-required=\"true\" aria-invalid=\"false\" placeholder=\"Model\" value=\"\" type=\"text\" name=\"model\" \/><\/span>\n<\/p>\n<p><span class=\"wpcf7-form-control-wrap\" data-name=\"numerseryjny\"><input size=\"40\" maxlength=\"400\" class=\"wpcf7-form-control wpcf7-text\" aria-invalid=\"false\" placeholder=\"Numer seryjny\" value=\"\" type=\"text\" name=\"numerseryjny\" \/><\/span>\n<\/p>\n<p><span class=\"wpcf7-form-control-wrap\" data-name=\"Opiswady\"><input size=\"40\" maxlength=\"400\" class=\"wpcf7-form-control wpcf7-text wpcf7-validates-as-required\" aria-required=\"true\" aria-invalid=\"false\" placeholder=\"Opis wady\" value=\"\" type=\"text\" name=\"Opiswady\" \/><\/span>\n<\/p>\n<p><span class=\"wpcf7-form-control-wrap\" data-name=\"Datawykryciawady\"><input class=\"wpcf7-form-control wpcf7-date wpcf7-validates-as-required wpcf7-validates-as-date\" aria-required=\"true\" aria-invalid=\"false\" placeholder=\"Data wykrycia wady\" value=\"\" type=\"date\" name=\"Datawykryciawady\" \/><\/span> Data wykrycia wady\n<\/p>\n<p><span class=\"wpcf7-form-control-wrap\" data-name=\"Datazakupu\"><input class=\"wpcf7-form-control wpcf7-date wpcf7-validates-as-required wpcf7-validates-as-date\" aria-required=\"true\" aria-invalid=\"false\" placeholder=\"Data zakupu\" value=\"\" type=\"date\" name=\"Datazakupu\" \/><\/span> Data zakupu\n<\/p>\n<p><span class=\"wpcf7-form-control-wrap\" data-name=\"fakturaparagon\"><span class=\"wpcf7-form-control wpcf7-checkbox wpcf7-validates-as-required wpcf7-exclusive-checkbox\"><span class=\"wpcf7-list-item first\"><label><input type=\"checkbox\" name=\"fakturaparagon\" value=\"FAKTURA\" \/><span class=\"wpcf7-list-item-label\">FAKTURA<\/span><\/label><\/span><span class=\"wpcf7-list-item last\"><label><input type=\"checkbox\" name=\"fakturaparagon\" value=\"PARAGON\" \/><span class=\"wpcf7-list-item-label\">PARAGON<\/span><\/label><\/span><\/span><\/span>\n<\/p>\n<p><span class=\"wpcf7-form-control-wrap\" data-name=\"Numerdowoduzakupu\"><input size=\"40\" maxlength=\"400\" class=\"wpcf7-form-control wpcf7-text wpcf7-validates-as-required\" aria-required=\"true\" aria-invalid=\"false\" placeholder=\"Numer dowodu zakupu\" value=\"\" type=\"text\" name=\"Numerdowoduzakupu\" \/><\/span>\n<\/p>\n<p><b>Dane zg\u0142aszaj\u0105cego:<\/b>\n<\/p>\n<p><span class=\"wpcf7-form-control-wrap\" data-name=\"Firma\"><input size=\"40\" maxlength=\"400\" class=\"wpcf7-form-control wpcf7-text\" aria-invalid=\"false\" placeholder=\"Nazwa firmy\" value=\"\" type=\"text\" name=\"Firma\" \/><\/span>\n<\/p>\n<p><span class=\"wpcf7-form-control-wrap\" data-name=\"Imiinzawisko\"><input size=\"40\" maxlength=\"400\" class=\"wpcf7-form-control wpcf7-text wpcf7-validates-as-required\" aria-required=\"true\" aria-invalid=\"false\" placeholder=\"Imi\u0119 i nazwisko\" value=\"\" type=\"text\" name=\"Imiinzawisko\" \/><\/span>\n<\/p>\n<p><span class=\"wpcf7-form-control-wrap\" data-name=\"Adres\"><input size=\"40\" maxlength=\"400\" class=\"wpcf7-form-control wpcf7-text wpcf7-validates-as-required\" aria-required=\"true\" aria-invalid=\"false\" placeholder=\"Miejscowo\u015b\u0107\/ulica\/kod pocztowy\" value=\"\" type=\"text\" name=\"Adres\" \/><\/span>\n<\/p>\n<p><span class=\"wpcf7-form-control-wrap\" data-name=\"Nrtelefonu\"><input size=\"40\" maxlength=\"400\" class=\"wpcf7-form-control wpcf7-text wpcf7-validates-as-required\" aria-required=\"true\" aria-invalid=\"false\" placeholder=\"Nr telefonu\" value=\"\" type=\"text\" name=\"Nrtelefonu\" \/><\/span>\n<\/p>\n<p><span class=\"wpcf7-form-control-wrap\" data-name=\"Email\"><input size=\"40\" maxlength=\"400\" class=\"wpcf7-form-control wpcf7-email wpcf7-validates-as-required wpcf7-text wpcf7-validates-as-email\" aria-required=\"true\" aria-invalid=\"false\" placeholder=\"Email kontaktowy\" value=\"\" type=\"email\" name=\"Email\" \/><\/span>\n<\/p>\n<p><span class=\"wpcf7-form-control-wrap\" data-name=\"adresodbioru\"><input size=\"40\" maxlength=\"400\" class=\"wpcf7-form-control wpcf7-text\" aria-invalid=\"false\" placeholder=\"Adres odbioru przesy\u0142ki je\u015bli inny\" value=\"\" type=\"text\" name=\"adresodbioru\" \/><\/span>\n<\/p>\n<p><b>Dodatkowe informacje:<\/b>\n<\/p>\n<p><span class=\"wpcf7-form-control-wrap\" data-name=\"Uwagi\"><input size=\"40\" maxlength=\"400\" class=\"wpcf7-form-control wpcf7-text\" aria-invalid=\"false\" placeholder=\"Uwagi do zg\u0142oszenia\" value=\"\" type=\"text\" name=\"Uwagi\" \/><\/span>\n<\/p>\n<p>Za\u0142\u0105czniki maksymalnie 3szt, ka\u017cdy do 5mb(jpg, jpeg, png, gif, pdf, doc, docx, ppt, pptx, odt)<br \/>\n<span class=\"wpcf7-form-control-wrap\" data-name=\"plik\"><input size=\"40\" class=\"wpcf7-form-control wpcf7-file\" accept=\".jpg,.jpeg,.png,.gif,.pdf,.doc,.docx,.ppt,.pptx,.odt\" aria-invalid=\"false\" type=\"file\" name=\"plik\" \/><\/span><br \/>\n<span class=\"wpcf7-form-control-wrap\" data-name=\"plik1\"><input size=\"40\" class=\"wpcf7-form-control wpcf7-file\" accept=\".jpg,.jpeg,.png,.gif,.pdf,.doc,.docx,.ppt,.pptx,.odt\" aria-invalid=\"false\" type=\"file\" name=\"plik1\" \/><\/span><br \/>\n<span class=\"wpcf7-form-control-wrap\" data-name=\"plik2\"><input size=\"40\" class=\"wpcf7-form-control wpcf7-file\" accept=\".jpg,.jpeg,.png,.gif,.pdf,.doc,.docx,.ppt,.pptx,.odt\" aria-invalid=\"false\" type=\"file\" name=\"plik2\" \/><\/span>\n<\/p>\n<p><b>Wysy\u0142aj\u0105c formularz - wyra\u017casz zgod\u0119 na przetwarzanie swoich danych osobowych przez firm\u0119 Altrad Poland S.A. w celu procesu reklamacji przy zachowaniu przepis\u00f3w rozporz\u0105dzenia o ochronie danych osobowych (RODO).<\/b>\n<\/p>\n<p><input class=\"wpcf7-form-control wpcf7-submit has-spinner\" type=\"submit\" value=\"Wy\u015blij\" \/>\n<\/p>\n<span class=\"wpcf7-form-control-wrap recaptcha\" data-name=\"recaptcha\"><span data-sitekey=\"6Lc20I8sAAAAAIMVDet91C5TYjKL3UOKO3_iL0O9\" class=\"wpcf7-form-control wpcf7-recaptcha g-recaptcha\"><\/span>\r\n<noscript>\r\n\t<div class=\"grecaptcha-noscript\">\r\n\t\t<iframe loading=\"lazy\" src=\"https:\/\/www.google.com\/recaptcha\/api\/fallback?k=6Lc20I8sAAAAAIMVDet91C5TYjKL3UOKO3_iL0O9\" frameborder=\"0\" scrolling=\"no\" width=\"310\" height=\"430\">\r\n\t\t<\/iframe>\r\n\t\t<textarea name=\"g-recaptcha-response\" rows=\"3\" cols=\"40\" placeholder=\"reCaptcha Response Here\">\r\n\t\t<\/textarea>\r\n\t<\/div>\r\n<\/noscript>\r\n<\/span><div class=\"wpcf7-response-output\" aria-hidden=\"true\"><\/div>\n<\/form>\n<\/div>\n<\/div>\n\n\n\n<p><\/p>\n","protected":false},"excerpt":{"rendered":"","protected":false},"author":1,"featured_media":0,"parent":0,"menu_order":0,"comment_status":"closed","ping_status":"closed","template":"","meta":{"footnotes":""},"class_list":["post-237","page","type-page","status-publish","hentry","comments-off"],"_links":{"self":[{"href":"https:\/\/altradpoland.pl\/index.php?rest_route=\/wp\/v2\/pages\/237","targetHints":{"allow":["GET"]}}],"collection":[{"href":"https:\/\/altradpoland.pl\/index.php?rest_route=\/wp\/v2\/pages"}],"about":[{"href":"https:\/\/altradpoland.pl\/index.php?rest_route=\/wp\/v2\/types\/page"}],"author":[{"embeddable":true,"href":"https:\/\/altradpoland.pl\/index.php?rest_route=\/wp\/v2\/users\/1"}],"replies":[{"embeddable":true,"href":"https:\/\/altradpoland.pl\/index.php?rest_route=%2Fwp%2Fv2%2Fcomments&post=237"}],"version-history":[{"count":2,"href":"https:\/\/altradpoland.pl\/index.php?rest_route=\/wp\/v2\/pages\/237\/revisions"}],"predecessor-version":[{"id":242,"href":"https:\/\/altradpoland.pl\/index.php?rest_route=\/wp\/v2\/pages\/237\/revisions\/242"}],"wp:attachment":[{"href":"https:\/\/altradpoland.pl\/index.php?rest_route=%2Fwp%2Fv2%2Fmedia&parent=237"}],"curies":[{"name":"wp","href":"https:\/\/api.w.org\/{rel}","templated":true}]}}