{"id":35,"date":"2020-06-19T09:41:23","date_gmt":"2020-06-19T07:41:23","guid":{"rendered":"http:\/\/127.0.0.1\/wordpress\/?page_id=35"},"modified":"2020-06-19T10:48:14","modified_gmt":"2020-06-19T08:48:14","slug":"uslugi","status":"publish","type":"page","link":"https:\/\/altradpoland.pl\/?page_id=35","title":{"rendered":"Us\u0142ugi"},"content":{"rendered":"\n<p>Altrad Poland sp. z o.o. posiada szeroko rozbudowany park maszynowy. Zak\u0142ad posiada r\u00f3wnie\u017c biuro projektowe oraz narz\u0119dziownie, dzi\u0119ki czemu mo\u017ce \u015bwiadczy\u0107 us\u0142ugi w zakresie:<\/p>\n\n\n\n<ol class=\"wp-block-list\"><li><strong>ci\u0119cia laserowego blach do 15mm Bystronic Bysprint max wymiar arkusza 1250&#215;2500 mm<\/strong><\/li><li><strong>ci\u0119cia na gilotynie blach do grubo\u015bci 8 mm<\/strong><\/li><li><strong>ci\u0119cie rur, kszta\u0142townik\u00f3w itp. do f200 mm<\/strong><\/li><li><strong>gi\u0119cia blach do grubo\u015bci 15 mm prasa kraw\u0119dziowaTrumpf TruBend 3120<\/strong><\/li><li><strong>spawania w os\u0142onie CO<sub>2<\/sub><\/strong><\/li><li><strong>\u015brutowania<\/strong><\/li><li><strong>malowania proszkowego<\/strong><\/li><li><strong>obr\u00f3bki skrawaniem tj. toczenie, wiercenie, frezowanie<\/strong><\/li><li><strong>ci\u0119cia na wycinarce plazmowej blach do gr. 6 mm<\/strong><\/li><li><strong>Projektowania 3D, tworzenie przyrz\u0105d\u00f3w, prototyp\u00f3w cz\u0119\u015bci, maszyn, konstrukcji stalowych&#8230;<\/strong><\/li><\/ol>\n\n\n\n<p>Zapraszamy do skorzystania z naszych bogatej oferty us\u0142ug.<\/p>\n\n\n\n<p>Galeria zdj\u0119\u0107: (&#8220;fabryka w obiektywie&#8221; fot. Przemys\u0142aw Wieczorek)<\/p>\n\n\n\n<div class=\"wp-block-group\"><div class=\"wp-block-group__inner-container is-layout-flow wp-block-group-is-layout-flow\">\n<figure class=\"wp-block-gallery columns-3 is-cropped wp-block-gallery-1 is-layout-flex wp-block-gallery-is-layout-flex\"><ul class=\"blocks-gallery-grid\"><li class=\"blocks-gallery-item\"><figure><img loading=\"lazy\" decoding=\"async\" width=\"400\" height=\"602\" src=\"http:\/\/127.0.0.1\/wordpress\/wp-content\/uploads\/2020\/06\/spawacz.png\" alt=\"\" data-id=\"82\" data-full-url=\"http:\/\/127.0.0.1\/wordpress\/wp-content\/uploads\/2020\/06\/spawacz.png\" data-link=\"http:\/\/127.0.0.1\/wordpress\/uslugi\/spawacz\/#main\" class=\"wp-image-82\" srcset=\"https:\/\/altradpoland.pl\/wp-content\/uploads\/2020\/06\/spawacz.png 400w, https:\/\/altradpoland.pl\/wp-content\/uploads\/2020\/06\/spawacz-199x300.png 199w, https:\/\/altradpoland.pl\/wp-content\/uploads\/2020\/06\/spawacz-100x150.png 100w\" sizes=\"auto, (max-width: 400px) 100vw, 400px\" \/><\/figure><\/li><li class=\"blocks-gallery-item\"><figure><img loading=\"lazy\" decoding=\"async\" width=\"400\" height=\"266\" src=\"http:\/\/127.0.0.1\/wordpress\/wp-content\/uploads\/2020\/06\/laser.png\" alt=\"\" data-id=\"80\" data-full-url=\"http:\/\/127.0.0.1\/wordpress\/wp-content\/uploads\/2020\/06\/laser.png\" data-link=\"http:\/\/127.0.0.1\/wordpress\/uslugi\/laser\/#main\" class=\"wp-image-80\" srcset=\"https:\/\/altradpoland.pl\/wp-content\/uploads\/2020\/06\/laser.png 400w, https:\/\/altradpoland.pl\/wp-content\/uploads\/2020\/06\/laser-300x200.png 300w, https:\/\/altradpoland.pl\/wp-content\/uploads\/2020\/06\/laser-150x100.png 150w\" sizes=\"auto, (max-width: 400px) 100vw, 400px\" \/><\/figure><\/li><li class=\"blocks-gallery-item\"><figure><img loading=\"lazy\" decoding=\"async\" width=\"300\" height=\"452\" src=\"http:\/\/127.0.0.1\/wordpress\/wp-content\/uploads\/2020\/06\/malarnia.png\" alt=\"\" data-id=\"81\" data-full-url=\"http:\/\/127.0.0.1\/wordpress\/wp-content\/uploads\/2020\/06\/malarnia.png\" data-link=\"http:\/\/127.0.0.1\/wordpress\/uslugi\/malarnia\/#main\" class=\"wp-image-81\" srcset=\"https:\/\/altradpoland.pl\/wp-content\/uploads\/2020\/06\/malarnia.png 300w, https:\/\/altradpoland.pl\/wp-content\/uploads\/2020\/06\/malarnia-199x300.png 199w, https:\/\/altradpoland.pl\/wp-content\/uploads\/2020\/06\/malarnia-100x150.png 100w\" sizes=\"auto, (max-width: 300px) 100vw, 300px\" \/><\/figure><\/li><\/ul><\/figure>\n<\/div><\/div>\n\n\n\n<div class=\"wp-block-group is-layout-flow wp-block-group-is-layout-flow\"><div class=\"wp-block-group__inner-container\"><\/div><\/div>\n\n\n\n<div class=\"wp-block-group is-layout-flow wp-block-group-is-layout-flow\"><div class=\"wp-block-group__inner-container\"><\/div><\/div>\n","protected":false},"excerpt":{"rendered":"<p>Altrad Poland sp. z o.o. posiada szeroko rozbudowany park maszynowy. Zak\u0142ad posiada r\u00f3wnie\u017c biuro projektowe oraz narz\u0119dziownie, dzi\u0119ki czemu mo\u017ce<\/p>\n","protected":false},"author":1,"featured_media":0,"parent":0,"menu_order":0,"comment_status":"closed","ping_status":"closed","template":"","meta":{"footnotes":""},"class_list":["post-35","page","type-page","status-publish","hentry","comments-off"],"_links":{"self":[{"href":"https:\/\/altradpoland.pl\/index.php?rest_route=\/wp\/v2\/pages\/35","targetHints":{"allow":["GET"]}}],"collection":[{"href":"https:\/\/altradpoland.pl\/index.php?rest_route=\/wp\/v2\/pages"}],"about":[{"href":"https:\/\/altradpoland.pl\/index.php?rest_route=\/wp\/v2\/types\/page"}],"author":[{"embeddable":true,"href":"https:\/\/altradpoland.pl\/index.php?rest_route=\/wp\/v2\/users\/1"}],"replies":[{"embeddable":true,"href":"https:\/\/altradpoland.pl\/index.php?rest_route=%2Fwp%2Fv2%2Fcomments&post=35"}],"version-history":[{"count":4,"href":"https:\/\/altradpoland.pl\/index.php?rest_route=\/wp\/v2\/pages\/35\/revisions"}],"predecessor-version":[{"id":88,"href":"https:\/\/altradpoland.pl\/index.php?rest_route=\/wp\/v2\/pages\/35\/revisions\/88"}],"wp:attachment":[{"href":"https:\/\/altradpoland.pl\/index.php?rest_route=%2Fwp%2Fv2%2Fmedia&parent=35"}],"curies":[{"name":"wp","href":"https:\/\/api.w.org\/{rel}","templated":true}]}}