{"id":36,"date":"2020-06-19T09:41:23","date_gmt":"2020-06-19T07:41:23","guid":{"rendered":"http:\/\/127.0.0.1\/wordpress\/?page_id=36"},"modified":"2023-01-09T15:27:58","modified_gmt":"2023-01-09T14:27:58","slug":"do-pobrania","status":"publish","type":"page","link":"https:\/\/altradpoland.pl\/?page_id=36","title":{"rendered":"Do Pobrania"},"content":{"rendered":"\n<p><strong>Katalogi produkt\u00f3w:<\/strong><\/p>\n\n\n\n<div class=\"wp-block-file\"><a id=\"wp-block-file--media-e7e037da-73bd-424d-8c28-133c4d683ca7\" href=\"https:\/\/altradpoland.pl\/wp-content\/uploads\/2020\/10\/Katalog-Altrad-Poland-2020.pdf\">Katalog 1 &#8211; betoniarki i sprz\u0119t budowlany <\/a><a href=\"https:\/\/altradpoland.pl\/wp-content\/uploads\/2020\/10\/Katalog-Altrad-Poland-2020.pdf\" class=\"wp-block-file__button\" download aria-describedby=\"wp-block-file--media-e7e037da-73bd-424d-8c28-133c4d683ca7\">Pobierz<\/a><\/div>\n\n\n\n<div class=\"wp-block-file\"><a id=\"wp-block-file--media-28867e6e-6e8c-432c-b10e-96848c8b99d9\" href=\"https:\/\/altradpoland.home.pl\/2020\/wp-content\/uploads\/2020\/06\/Katalog_maszyny_Belle_2016.pdf\">Katalog 2 &#8211; maszyny Belle 2016<\/a><a href=\"https:\/\/altradpoland.home.pl\/2020\/wp-content\/uploads\/2020\/06\/Katalog_maszyny_Belle_2016.pdf\" class=\"wp-block-file__button\" download aria-describedby=\"wp-block-file--media-28867e6e-6e8c-432c-b10e-96848c8b99d9\">Pobierz<\/a><\/div>\n\n\n\n<div class=\"wp-block-file\"><a id=\"wp-block-file--media-ae68d925-611a-4657-9a16-886d5abfd263\" href=\"https:\/\/altradpoland.home.pl\/2020\/wp-content\/uploads\/2020\/06\/ATIKAkatalog2018.pdf\">Katalog 3 &#8211; Atika<\/a><a href=\"https:\/\/altradpoland.home.pl\/2020\/wp-content\/uploads\/2020\/06\/ATIKAkatalog2018.pdf\" class=\"wp-block-file__button\" download aria-describedby=\"wp-block-file--media-ae68d925-611a-4657-9a16-886d5abfd263\">Pobierz<\/a><\/div>\n\n\n\n<p><strong>Instrukcje i katalogi cz\u0119\u015bci do maszyn Belle:<\/strong><\/p>\n\n\n\n<p><strong><a href=\"http:\/\/www.bellegroup.com\/index.php?p=operator_manuals&amp;lang=en\">OPERATOR <\/a><a rel=\"noreferrer noopener\" href=\"http:\/\/www.bellegroup.com\/index.php?p=operator_manuals&amp;lang=en\" target=\"_blank\">MANUALS <\/a><a href=\"http:\/\/www.bellegroup.com\/index.php?p=operator_manuals&amp;lang=en\">(English)<\/a><\/strong><\/p>\n\n\n\n<p><strong><strong>Instrukcje i katalogi Atika<\/strong><\/strong><\/p>\n\n\n\n<div class=\"wp-block-file\"><a id=\"wp-block-file--media-0dcb7e1f-5d17-41fb-9695-f6d3f73f2482\" href=\"https:\/\/altradpoland.home.pl\/2020\/wp-content\/uploads\/2020\/06\/ADH204instrukcja.pdf\">Instrukcja obs\u0142ugi Strugarko-grubo\u015bci\u00f3wka ADH 204<\/a><a href=\"https:\/\/altradpoland.home.pl\/2020\/wp-content\/uploads\/2020\/06\/ADH204instrukcja.pdf\" class=\"wp-block-file__button\" download aria-describedby=\"wp-block-file--media-0dcb7e1f-5d17-41fb-9695-f6d3f73f2482\">Pobierz<\/a><\/div>\n\n\n\n<p><strong>INSTRUKCJE &#8211; BETONIARKI:<\/strong><\/p>\n\n\n\n<div class=\"wp-block-file\"><a id=\"wp-block-file--media-40ec18a4-4705-4a92-945d-0650bc56f12e\" href=\"https:\/\/altradpoland.pl\/wp-content\/uploads\/2023\/01\/Instrukcja-demontazu-i-montazu-zespolu-napedowego-betoniarki-1.pdf\">Instrukcja-demontazu-i-montazu-zespolu-napedowego-betoniarki<\/a><a href=\"https:\/\/altradpoland.pl\/wp-content\/uploads\/2023\/01\/Instrukcja-demontazu-i-montazu-zespolu-napedowego-betoniarki-1.pdf\" class=\"wp-block-file__button\" download aria-describedby=\"wp-block-file--media-40ec18a4-4705-4a92-945d-0650bc56f12e\">Pobierz<\/a><\/div>\n\n\n\n<div class=\"wp-block-file\"><a id=\"wp-block-file--media-d6f5921b-9c92-45e2-8ef2-b84abb83b599\" href=\"https:\/\/altradpoland.home.pl\/2020\/wp-content\/uploads\/2020\/06\/PL-DTR-130l-2012.pdf\">Betoniarka wolnospadowa B-130\/\u017b, B-130\/\u017bK, MIX-130\/\u017b, MIX-130\/\u017bK, MIX-130\/T, MIX-130\/TK, MK-130, MK-130\/K<\/a><a href=\"https:\/\/altradpoland.home.pl\/2020\/wp-content\/uploads\/2020\/06\/PL-DTR-130l-2012.pdf\" class=\"wp-block-file__button\" download aria-describedby=\"wp-block-file--media-d6f5921b-9c92-45e2-8ef2-b84abb83b599\">Pobierz<\/a><\/div>\n\n\n\n<div class=\"wp-block-file\"><a id=\"wp-block-file--media-8d38e070-e061-4612-81fc-51beb972e988\" href=\"https:\/\/altradpoland.home.pl\/2020\/wp-content\/uploads\/2020\/06\/PL-DTR-165-180l-2012.pdf\">Betoniarka wolnospadowa MK-165\/B, MK-165\/BK, XMF-9\/B, XMF-9\/BK, MK-180\/B, MK-180\/BK<\/a><a href=\"https:\/\/altradpoland.home.pl\/2020\/wp-content\/uploads\/2020\/06\/PL-DTR-165-180l-2012.pdf\" class=\"wp-block-file__button\" download aria-describedby=\"wp-block-file--media-8d38e070-e061-4612-81fc-51beb972e988\">Pobierz<\/a><\/div>\n\n\n\n<div class=\"wp-block-file\"><a id=\"wp-block-file--media-7c36c9a4-c3ef-40a5-8454-3f399f168bcb\" href=\"https:\/\/altradpoland.home.pl\/2020\/wp-content\/uploads\/2020\/06\/PL-DTR-BWE170-185-190-2012.pdf\">Betoniarka wolnospadowa BWE-170, BWE-185, BWE-190<\/a><a href=\"https:\/\/altradpoland.home.pl\/2020\/wp-content\/uploads\/2020\/06\/PL-DTR-BWE170-185-190-2012.pdf\" class=\"wp-block-file__button\" download aria-describedby=\"wp-block-file--media-7c36c9a4-c3ef-40a5-8454-3f399f168bcb\">Pobierz<\/a><\/div>\n\n\n\n<div class=\"wp-block-file\"><a id=\"wp-block-file--media-387d47bd-a138-45e5-a971-9d63707b4d71\" href=\"https:\/\/altradpoland.home.pl\/2020\/wp-content\/uploads\/2020\/06\/PL-DTR-PROFI-2012.pdf\">Betoniarka wolnospadowa MK-165 PROFI, MK-185 PROFI<\/a><a href=\"https:\/\/altradpoland.home.pl\/2020\/wp-content\/uploads\/2020\/06\/PL-DTR-PROFI-2012.pdf\" class=\"wp-block-file__button\" download aria-describedby=\"wp-block-file--media-387d47bd-a138-45e5-a971-9d63707b4d71\">Pobierz<\/a><\/div>\n\n\n\n<div class=\"wp-block-file\"><a id=\"wp-block-file--media-0a6543be-8460-4eab-9e8b-ff1ff9843a26\" href=\"https:\/\/altradpoland.home.pl\/2020\/wp-content\/uploads\/2020\/06\/dtr_duze.pdf\">Betoniarka wolnospadowa BWE-150 200 250 ALTRAD<\/a><a href=\"https:\/\/altradpoland.home.pl\/2020\/wp-content\/uploads\/2020\/06\/dtr_duze.pdf\" class=\"wp-block-file__button\" download aria-describedby=\"wp-block-file--media-0a6543be-8460-4eab-9e8b-ff1ff9843a26\">Pobierz<\/a><\/div>\n\n\n\n<div class=\"wp-block-file\"><a id=\"wp-block-file--media-452b9792-f2f9-436c-a472-840a5015b054\" href=\"https:\/\/altradpoland.pl\/wp-content\/uploads\/2020\/07\/Betoniarka-Optimix-120-LS-instrukcja-monta\u017cu.pdf\">Betoniarka OPTIMIX 120 LS<\/a><a href=\"https:\/\/altradpoland.pl\/wp-content\/uploads\/2020\/07\/Betoniarka-Optimix-120-LS-instrukcja-monta\u017cu.pdf\" class=\"wp-block-file__button\" download aria-describedby=\"wp-block-file--media-452b9792-f2f9-436c-a472-840a5015b054\">Pobierz<\/a><\/div>\n\n\n\n<p><strong>INSTRUKCJE WIELOJ\u0118ZYCZNE- BETONIARKI:<\/strong><\/p>\n\n\n\n<div class=\"wp-block-file\"><a id=\"wp-block-file--media-15af4504-3dc2-49a0-81a9-6a170876f56d\" href=\"https:\/\/altradpoland.home.pl\/2020\/wp-content\/uploads\/2020\/06\/WIELOJEZYCZNA-DTR-130L-2012.pdf\">WIELOJEZYCZNA DTR 130L 2012<\/a><a href=\"https:\/\/altradpoland.home.pl\/2020\/wp-content\/uploads\/2020\/06\/WIELOJEZYCZNA-DTR-130L-2012.pdf\" class=\"wp-block-file__button\" download aria-describedby=\"wp-block-file--media-15af4504-3dc2-49a0-81a9-6a170876f56d\">Pobierz<\/a><\/div>\n\n\n\n<div class=\"wp-block-file\"><a id=\"wp-block-file--media-4e1d28ca-e94a-423e-812d-7320753145ee\" href=\"https:\/\/altradpoland.home.pl\/2020\/wp-content\/uploads\/2020\/06\/WIELOJEZYCZNA-DTR-165L-2012.pdf\">WIELOJEZYCZNA DTR 165L 2012<\/a><a href=\"https:\/\/altradpoland.home.pl\/2020\/wp-content\/uploads\/2020\/06\/WIELOJEZYCZNA-DTR-165L-2012.pdf\" class=\"wp-block-file__button\" download aria-describedby=\"wp-block-file--media-4e1d28ca-e94a-423e-812d-7320753145ee\">Pobierz<\/a><\/div>\n\n\n\n<div class=\"wp-block-file\"><a id=\"wp-block-file--media-b0e9d9b1-86d0-4caa-a6ea-73cee42c9ab9\" href=\"https:\/\/altradpoland.home.pl\/2020\/wp-content\/uploads\/2020\/06\/WIELOJEZYCZNA-DTR-compact130-2012.pdf\">WIELOJEZYCZNA DTR compact130 2012<\/a><a href=\"https:\/\/altradpoland.home.pl\/2020\/wp-content\/uploads\/2020\/06\/WIELOJEZYCZNA-DTR-compact130-2012.pdf\" class=\"wp-block-file__button\" download aria-describedby=\"wp-block-file--media-b0e9d9b1-86d0-4caa-a6ea-73cee42c9ab9\">Pobierz<\/a><\/div>\n\n\n\n<p><strong>INSTRUKCJA &#8211; TACZKI:<\/strong><\/p>\n\n\n\n<div class=\"wp-block-file\"><a id=\"wp-block-file--media-05290fa0-dd53-4b76-8805-78833b0a4a58\" href=\"https:\/\/altradpoland.home.pl\/2020\/wp-content\/uploads\/2020\/06\/Taczka-T070B.pdf\">Taczka T070B<\/a><a href=\"https:\/\/altradpoland.home.pl\/2020\/wp-content\/uploads\/2020\/06\/Taczka-T070B.pdf\" class=\"wp-block-file__button\" download aria-describedby=\"wp-block-file--media-05290fa0-dd53-4b76-8805-78833b0a4a58\">Pobierz<\/a><\/div>\n\n\n\n<div class=\"wp-block-file\"><a id=\"wp-block-file--media-9d32312a-069c-49ad-874d-8e59123d4c0f\" href=\"https:\/\/altradpoland.home.pl\/2020\/wp-content\/uploads\/2020\/06\/instr-wielojezyczna-taczki-t068-t069.pdf\">TACZKI WIELOJEZYCZNA t068 t069<\/a><a href=\"https:\/\/altradpoland.home.pl\/2020\/wp-content\/uploads\/2020\/06\/instr-wielojezyczna-taczki-t068-t069.pdf\" class=\"wp-block-file__button\" download aria-describedby=\"wp-block-file--media-9d32312a-069c-49ad-874d-8e59123d4c0f\">Pobierz<\/a><\/div>\n\n\n\n<div class=\"wp-block-file\"><a id=\"wp-block-file--media-c8d30b6d-3d99-4b75-a7d8-6f19a6872d75\" href=\"https:\/\/altradpoland.home.pl\/2020\/wp-content\/uploads\/2020\/06\/TACZKI-WIELOJEZYCZNA.pdf\">TACZKI WIELOJEZYCZNA<\/a><a href=\"https:\/\/altradpoland.home.pl\/2020\/wp-content\/uploads\/2020\/06\/TACZKI-WIELOJEZYCZNA.pdf\" class=\"wp-block-file__button\" download aria-describedby=\"wp-block-file--media-c8d30b6d-3d99-4b75-a7d8-6f19a6872d75\">Pobierz<\/a><\/div>\n\n\n\n<p><strong>INSTRUKCJE &#8211; Kosze zsypowe i podpory:<\/strong><\/p>\n\n\n\n<div class=\"wp-block-file\"><a id=\"wp-block-file--media-79f7c223-d092-402e-9852-5a7092b95b4b\" href=\"https:\/\/altradpoland.home.pl\/2020\/wp-content\/uploads\/2020\/06\/Kosze-zsypowe.pdf\">Kosze zsypowe<\/a><a href=\"https:\/\/altradpoland.home.pl\/2020\/wp-content\/uploads\/2020\/06\/Kosze-zsypowe.pdf\" class=\"wp-block-file__button\" download aria-describedby=\"wp-block-file--media-79f7c223-d092-402e-9852-5a7092b95b4b\">Pobierz<\/a><\/div>\n\n\n\n<div class=\"wp-block-file\"><a id=\"wp-block-file--media-f46fbfa3-5837-4449-b870-37e89654ed82\" href=\"https:\/\/altradpoland.home.pl\/2020\/wp-content\/uploads\/2020\/06\/Podpory.pdf\">Podpory<\/a><a href=\"https:\/\/altradpoland.home.pl\/2020\/wp-content\/uploads\/2020\/06\/Podpory.pdf\" class=\"wp-block-file__button\" download aria-describedby=\"wp-block-file--media-f46fbfa3-5837-4449-b870-37e89654ed82\">Pobierz<\/a><\/div>\n\n\n\n<p><strong>INSTRUKCJE &#8211; KOT\u0141Y WARZELNE, MIESZAD\u0141O:<\/strong><\/p>\n\n\n\n<div class=\"wp-block-file\"><a id=\"wp-block-file--media-0a88b1c6-2358-4b8b-81b3-4a8a1f7ca446\" href=\"https:\/\/altradpoland.home.pl\/2020\/wp-content\/uploads\/2020\/06\/KE-kwadrat-2011.pdf\">KE kwadrat 2011<\/a><a href=\"https:\/\/altradpoland.home.pl\/2020\/wp-content\/uploads\/2020\/06\/KE-kwadrat-2011.pdf\" class=\"wp-block-file__button\" download aria-describedby=\"wp-block-file--media-0a88b1c6-2358-4b8b-81b3-4a8a1f7ca446\">Pobierz<\/a><\/div>\n\n\n\n<div class=\"wp-block-file\"><a id=\"wp-block-file--media-63fbd1c7-130c-4518-a19b-af935b8fbcb7\" href=\"https:\/\/altradpoland.home.pl\/2020\/wp-content\/uploads\/2020\/06\/KE-okragly-2011.pdf\">KE okr\u0105gly 2011<\/a><a href=\"https:\/\/altradpoland.home.pl\/2020\/wp-content\/uploads\/2020\/06\/KE-okragly-2011.pdf\" class=\"wp-block-file__button\" download aria-describedby=\"wp-block-file--media-63fbd1c7-130c-4518-a19b-af935b8fbcb7\">Pobierz<\/a><\/div>\n\n\n\n<div class=\"wp-block-file\"><a id=\"wp-block-file--media-70c07fbf-b838-4809-9c48-6695811dd2f8\" href=\"https:\/\/altradpoland.home.pl\/2020\/wp-content\/uploads\/2020\/06\/KGW-2011.pdf\">KGW 2011<\/a><a href=\"https:\/\/altradpoland.home.pl\/2020\/wp-content\/uploads\/2020\/06\/KGW-2011.pdf\" class=\"wp-block-file__button\" download aria-describedby=\"wp-block-file--media-70c07fbf-b838-4809-9c48-6695811dd2f8\">Pobierz<\/a><\/div>\n\n\n\n<div class=\"wp-block-file\"><a id=\"wp-block-file--media-5fce39f6-9231-42d9-8749-31d18f85dac3\" href=\"https:\/\/altradpoland.home.pl\/2020\/wp-content\/uploads\/2020\/06\/KGW-K-2011.pdf\">KGW-K 2011<\/a><a href=\"https:\/\/altradpoland.home.pl\/2020\/wp-content\/uploads\/2020\/06\/KGW-K-2011.pdf\" class=\"wp-block-file__button\" download aria-describedby=\"wp-block-file--media-5fce39f6-9231-42d9-8749-31d18f85dac3\">Pobierz<\/a><\/div>\n\n\n\n<div class=\"wp-block-file\"><a id=\"wp-block-file--media-d0b12bde-e28f-492e-a786-4aa0a95f9c1b\" href=\"https:\/\/altradpoland.home.pl\/2020\/wp-content\/uploads\/2020\/06\/PK-2011.pdf\">PK 2011<\/a><a href=\"https:\/\/altradpoland.home.pl\/2020\/wp-content\/uploads\/2020\/06\/PK-2011.pdf\" class=\"wp-block-file__button\" download aria-describedby=\"wp-block-file--media-d0b12bde-e28f-492e-a786-4aa0a95f9c1b\">Pobierz<\/a><\/div>\n\n\n\n<div class=\"wp-block-file\"><a id=\"wp-block-file--media-9dcdc041-7d26-493d-bfbf-4d366ce78556\" href=\"https:\/\/altradpoland.home.pl\/2020\/wp-content\/uploads\/2020\/06\/DTR_MIESZADLO.pdf\">PL DTR MIESZAD\u0141O DO KOT\u0141A<\/a><a href=\"https:\/\/altradpoland.home.pl\/2020\/wp-content\/uploads\/2020\/06\/DTR_MIESZADLO.pdf\" class=\"wp-block-file__button\" download aria-describedby=\"wp-block-file--media-9dcdc041-7d26-493d-bfbf-4d366ce78556\">Pobierz<\/a><\/div>\n\n\n\n<p><strong>ATESTY PZH KOT\u0141Y WARZELNE:<\/strong><\/p>\n\n\n\n<div class=\"wp-block-file\"><a id=\"wp-block-file--media-57aa2f1b-6d95-4aae-9e3b-8e6add63525f\" href=\"https:\/\/altradpoland.home.pl\/2020\/wp-content\/uploads\/2020\/06\/PZH_150_500.pdf\">PZH PK-150 500, KGW-150 500, KE, WK-150<\/a><a href=\"https:\/\/altradpoland.home.pl\/2020\/wp-content\/uploads\/2020\/06\/PZH_150_500.pdf\" class=\"wp-block-file__button\" download aria-describedby=\"wp-block-file--media-57aa2f1b-6d95-4aae-9e3b-8e6add63525f\">Pobierz<\/a><\/div>\n\n\n\n<div class=\"wp-block-file\"><a id=\"wp-block-file--media-e9a2fc02-0a6a-495b-8cbb-e17717f13310\" href=\"https:\/\/altradpoland.home.pl\/2020\/wp-content\/uploads\/2020\/06\/PZH_200_300.pdf\">PZH PK-200 300, KGW-300, WK-200 300 500<\/a><a href=\"https:\/\/altradpoland.home.pl\/2020\/wp-content\/uploads\/2020\/06\/PZH_200_300.pdf\" class=\"wp-block-file__button\" download aria-describedby=\"wp-block-file--media-e9a2fc02-0a6a-495b-8cbb-e17717f13310\">Pobierz<\/a><\/div>\n\n\n\n<div class=\"wp-block-file\"><a id=\"wp-block-file--media-85903aff-9590-4732-a159-6dcb66a07b54\" href=\"https:\/\/altradpoland.home.pl\/2020\/wp-content\/uploads\/2020\/06\/PZH_KGW200.pdf\">PZH KGW-200<\/a><a href=\"https:\/\/altradpoland.home.pl\/2020\/wp-content\/uploads\/2020\/06\/PZH_KGW200.pdf\" class=\"wp-block-file__button\" download aria-describedby=\"wp-block-file--media-85903aff-9590-4732-a159-6dcb66a07b54\">Pobierz<\/a><\/div>\n\n\n\n<p><strong>DEKLARACJE ZGODNO\u015aCI:<\/strong><\/p>\n\n\n\n<div class=\"wp-block-file\"><a id=\"wp-block-file--media-f4095ddb-6975-465e-8382-4f433e5f7eb4\" href=\"https:\/\/altradpoland.home.pl\/2020\/wp-content\/uploads\/2020\/06\/KE-K.pdf\">Kocio\u0142 warzelny elektryczny KE K<\/a><a href=\"https:\/\/altradpoland.home.pl\/2020\/wp-content\/uploads\/2020\/06\/KE-K.pdf\" class=\"wp-block-file__button\" download aria-describedby=\"wp-block-file--media-f4095ddb-6975-465e-8382-4f433e5f7eb4\">Pobierz<\/a><\/div>\n\n\n\n<div class=\"wp-block-file\"><a id=\"wp-block-file--media-0c5c1474-e11f-44d4-8259-e4c1e062ffbe\" href=\"https:\/\/altradpoland.home.pl\/2020\/wp-content\/uploads\/2020\/06\/KE.pdf\">Kocio\u0142 warzelny elektryczny KE<\/a><a href=\"https:\/\/altradpoland.home.pl\/2020\/wp-content\/uploads\/2020\/06\/KE.pdf\" class=\"wp-block-file__button\" download aria-describedby=\"wp-block-file--media-0c5c1474-e11f-44d4-8259-e4c1e062ffbe\">Pobierz<\/a><\/div>\n\n\n\n<div class=\"wp-block-file\"><a id=\"wp-block-file--media-533efaca-dd00-4dcd-97a2-d6f3b54aded4\" href=\"https:\/\/altradpoland.home.pl\/2020\/wp-content\/uploads\/2020\/06\/KGW-K.pdf\">Kocio\u0142 warzelny gazowy KGW K<\/a><a href=\"https:\/\/altradpoland.home.pl\/2020\/wp-content\/uploads\/2020\/06\/KGW-K.pdf\" class=\"wp-block-file__button\" download aria-describedby=\"wp-block-file--media-533efaca-dd00-4dcd-97a2-d6f3b54aded4\">Pobierz<\/a><\/div>\n\n\n\n<div class=\"wp-block-file\"><a id=\"wp-block-file--media-6e738855-6af3-4488-b002-40b18cac531e\" href=\"https:\/\/altradpoland.home.pl\/2020\/wp-content\/uploads\/2020\/06\/KGW.pdf\">Kocio\u0142 warzelny gazowy KGW<\/a><a href=\"https:\/\/altradpoland.home.pl\/2020\/wp-content\/uploads\/2020\/06\/KGW.pdf\" class=\"wp-block-file__button\" download aria-describedby=\"wp-block-file--media-6e738855-6af3-4488-b002-40b18cac531e\">Pobierz<\/a><\/div>\n\n\n\n<div class=\"wp-block-file\"><a id=\"wp-block-file--media-8da11a04-f537-47c3-8a92-06d0d2bfa782\" href=\"https:\/\/altradpoland.home.pl\/2020\/wp-content\/uploads\/2020\/06\/PK-K.pdf\">Kocio\u0142 warzelny parowy PK<\/a><a href=\"https:\/\/altradpoland.home.pl\/2020\/wp-content\/uploads\/2020\/06\/PK-K.pdf\" class=\"wp-block-file__button\" download aria-describedby=\"wp-block-file--media-8da11a04-f537-47c3-8a92-06d0d2bfa782\">Pobierz<\/a><\/div>\n\n\n\n<div class=\"wp-block-file\"><a id=\"wp-block-file--media-4fc95649-11bd-44ac-b157-b3fd7315825e\" href=\"https:\/\/altradpoland.home.pl\/2020\/wp-content\/uploads\/2020\/06\/dekl_zgod_pp.pdf\">Podpory stropowe<\/a><a href=\"https:\/\/altradpoland.home.pl\/2020\/wp-content\/uploads\/2020\/06\/dekl_zgod_pp.pdf\" class=\"wp-block-file__button\" download aria-describedby=\"wp-block-file--media-4fc95649-11bd-44ac-b157-b3fd7315825e\">Pobierz<\/a><\/div>\n\n\n\n<div class=\"wp-block-file\"><a id=\"wp-block-file--media-cb5b4f37-0948-4d41-9cba-deb29c8eb3ba\" href=\"https:\/\/altradpoland.home.pl\/2020\/wp-content\/uploads\/2020\/06\/dekl_zgod_miesz.pdf\">Mieszad\u0142o<\/a><a href=\"https:\/\/altradpoland.home.pl\/2020\/wp-content\/uploads\/2020\/06\/dekl_zgod_miesz.pdf\" class=\"wp-block-file__button\" download aria-describedby=\"wp-block-file--media-cb5b4f37-0948-4d41-9cba-deb29c8eb3ba\">Pobierz<\/a><\/div>\n\n\n\n<p><\/p>\n","protected":false},"excerpt":{"rendered":"<p>Katalogi produkt\u00f3w: Instrukcje i katalogi cz\u0119\u015bci do maszyn Belle: OPERATOR MANUALS (English) Instrukcje i katalogi Atika INSTRUKCJE &#8211; BETONIARKI: INSTRUKCJE<\/p>\n","protected":false},"author":1,"featured_media":0,"parent":0,"menu_order":0,"comment_status":"closed","ping_status":"closed","template":"","meta":{"footnotes":""},"class_list":["post-36","page","type-page","status-publish","hentry","comments-off"],"_links":{"self":[{"href":"https:\/\/altradpoland.pl\/index.php?rest_route=\/wp\/v2\/pages\/36","targetHints":{"allow":["GET"]}}],"collection":[{"href":"https:\/\/altradpoland.pl\/index.php?rest_route=\/wp\/v2\/pages"}],"about":[{"href":"https:\/\/altradpoland.pl\/index.php?rest_route=\/wp\/v2\/types\/page"}],"author":[{"embeddable":true,"href":"https:\/\/altradpoland.pl\/index.php?rest_route=\/wp\/v2\/users\/1"}],"replies":[{"embeddable":true,"href":"https:\/\/altradpoland.pl\/index.php?rest_route=%2Fwp%2Fv2%2Fcomments&post=36"}],"version-history":[{"count":29,"href":"https:\/\/altradpoland.pl\/index.php?rest_route=\/wp\/v2\/pages\/36\/revisions"}],"predecessor-version":[{"id":265,"href":"https:\/\/altradpoland.pl\/index.php?rest_route=\/wp\/v2\/pages\/36\/revisions\/265"}],"wp:attachment":[{"href":"https:\/\/altradpoland.pl\/index.php?rest_route=%2Fwp%2Fv2%2Fmedia&parent=36"}],"curies":[{"name":"wp","href":"https:\/\/api.w.org\/{rel}","templated":true}]}}