{"id":7,"date":"2020-06-19T09:35:08","date_gmt":"2020-06-19T07:35:08","guid":{"rendered":"http:\/\/127.0.0.1\/wordpress\/?page_id=7"},"modified":"2020-06-22T18:01:49","modified_gmt":"2020-06-22T16:01:49","slug":"o-nas","status":"publish","type":"page","link":"https:\/\/altradpoland.pl\/?page_id=7","title":{"rendered":"O nas"},"content":{"rendered":"\n<p>Altrad Poland zatrudnia oko\u0142o 150 (w sezonie do 180 os\u00f3b) i posiada w\u0142asny dzia\u0142 produkcji, dzia\u0142 techniczny (prototypownia i narz\u0119dziownia), serwis, magazyn oraz dzia\u0142 sprzeda\u017cy.<br>Altrad Poland jest sp\u00f3\u0142k\u0105 akcyjn\u0105 z wi\u0119kszo\u015bciowym kapita\u0142em francuskim.<br><br>Fabryka nasza wyposa\u017cona jest w du\u017c\u0105 liczb\u0119 maszyn i dysponuje najnowsz\u0105 technologi\u0105, co umo\u017cliwia nam sta\u0142e ulepszanie proces\u00f3w technologicznych. Do\u015bwiadczenie naszej macierzystej firmy, pomaga nam w kontaktach z klientami, pozwala na trafn\u0105 ocen\u0119 ich gust\u00f3w i upodoba\u0144 oraz okre\u015blenie zapotrzebowania na nasze produkty.<br>Wyroby nasze cechuje wysoka jako\u015b\u0107 i estetyka. Jeste\u015bmy tu w Belle dumni, mog\u0105c oferowa\u0107 obecnie szeroki zakres produkt\u00f3w dla r\u00f3\u017cnych rynk\u00f3w a mianowicie :<\/p>\n\n\n\n<p>&#8211; betoniarki wolnospadowe o pojemno\u015bci zasypowej od 40 do 250 dm3,<br>&#8211; zag\u0119szczarki do gruntu<br>&#8211; ubijaki wibracyjne<br>&#8211; na \u017c\u0105danie oferujemy r\u00f3wnie\u017c us\u0142ugi w zakresie mo\u017cliwo\u015bci technologicznych zak\u0142adu<\/p>\n\n\n\n<p>Wszystkie produkowane przez nas urz\u0105dzenia posiadaj\u0105 certyfikaty polskie (znak bezpiecze\u0144stwa &#8220;B&#8221; gwarantuje bezpiecze\u0144stwo naszych produkt\u00f3w) oraz deklaracje zgodno\u015bci &#8220;WE&#8221;<\/p>\n\n\n\n<p>W celu uzyskania wszelkich dalszych informacji zapraszamy do nawi\u0105zania kontaktu z naszym Dzia\u0142em Marketingu. Zesp\u00f3\u0142 specjalist\u00f3w stoi do Pa\u0144stwa dyspozycji.<\/p>\n\n\n\n<p>Kalendarium:<\/p>\n\n\n\n<p><strong>Rok 2011<\/strong>&nbsp;\u2013 31 stycznia nast\u0119puje po\u0142aczenie firm:&nbsp; Altrad Belle Poland sp. z o.o. i Altrad Spomasz S.A. Firma Belle zostaje przeniesiona do Bia\u0142egostoku<\/p>\n\n\n\n<p><strong>Rok 2009<\/strong>&nbsp;\u2013 16 stycznia nast\u0119puje fuzja francuskiej grupy&nbsp;<a href=\"http:\/\/www.altrad.com\/pl\/\" target=\"_blank\" rel=\"noreferrer noopener\">ALTRAD<\/a>&nbsp;i angielskiej&nbsp;&nbsp;<a href=\"http:\/\/www.belle-group.co.uk\/\" target=\"_blank\" rel=\"noreferrer noopener\">BELLE<\/a>. Altrad specjalizuje si\u0119 w produkcji i sprzeda\u017cy rusztowa\u0144, taczek, urz\u0105dze\u0144 u\u017cytku publicznego i betoniarek za\u015b Belle &#8211; zag\u0119szczarek, betoniarek, urz\u0105dze\u0144 wyko\u0144czeniowych do betonu, urz\u0105dze\u0144 do ci\u0119cia, transporter\u00f3w spalinowych, urz\u0105dze\u0144 hydraulicznych i m\u0142ot\u00f3w.&nbsp; Nasza firma zmienia nazw\u0119 na: Altrad Belle Poland.<\/p>\n\n\n\n<p><strong>Rok 1999<\/strong>&nbsp;&#8211; W maju &#8221; HERCO&#8221; skupia si\u0119 na produkcji gwo\u017adzi, za\u015b produkcj\u0119 betoniarek wraz z lini\u0105 technologiczn\u0105 przejmuje BELLE GROUP angielska grupa firm produkuj\u0105cych maszyny budowlane, w sk\u0142ad kt\u00f3rej wchodz\u0105 r\u00f3wnie\u017c firmy: Belle Engineering (Sheen), Errut, Panther i Belle Equipos. W ten spos\u00f3b powstaje Belle Poland.<\/p>\n\n\n\n<p><strong>Rok 1995<\/strong>&nbsp;&#8211; Z powodu braku miejsca i chc\u0105c dostosowa\u0107 si\u0119 do stale rosn\u0105cego zapotrzebowania na nasze produkty, firma zostaje przeniesiona do Rawy Mazowieckiej, miasta oddalonego oko\u0142o 70 km od Warszawy<\/p>\n\n\n\n<p><strong>Rok 1993<\/strong>&nbsp;&#8211; Firma belgijska &#8221; HERCO&#8221; kupuje zak\u0142ad produkuj\u0105cy betoniarki w \u0141owiczu, po\u0142o\u017cony przy g\u0142\u00f3wnej drodze z Poznania do Warszawy. Firma jest nowa, ale nie brak jej do\u015bwiadczenia, gdy\u017c fabryka betoniarek w \u0141owiczu posiada\u0142a ponad 30-letni\u0105 tradycj\u0119 w produkcji betoniarek.<\/p>\n\n\n\n<p><strong>Rok 1950<\/strong>&nbsp;\u2013 Anglik &nbsp;Doug Blackhurst projektuje i wykonuje pierwsz\u0105 swoj\u0105 betoniark\u0119 kt\u00f3ra p\u00f3\u017aniej b\u0119dzie znana jako Belle Mini Mixer. Kolejne egzemplarze trafiaj\u0105 na lokalne rynki. Takie s\u0105 pocz\u0105tki Belle Engineering.<\/p>\n","protected":false},"excerpt":{"rendered":"<p>Altrad Poland zatrudnia oko\u0142o 150 (w sezonie do 180 os\u00f3b) i posiada w\u0142asny dzia\u0142 produkcji, dzia\u0142 techniczny (prototypownia i narz\u0119dziownia),<\/p>\n","protected":false},"author":1,"featured_media":0,"parent":0,"menu_order":0,"comment_status":"closed","ping_status":"closed","template":"","meta":{"footnotes":""},"class_list":["post-7","page","type-page","status-publish","hentry","comments-off"],"_links":{"self":[{"href":"https:\/\/altradpoland.pl\/index.php?rest_route=\/wp\/v2\/pages\/7","targetHints":{"allow":["GET"]}}],"collection":[{"href":"https:\/\/altradpoland.pl\/index.php?rest_route=\/wp\/v2\/pages"}],"about":[{"href":"https:\/\/altradpoland.pl\/index.php?rest_route=\/wp\/v2\/types\/page"}],"author":[{"embeddable":true,"href":"https:\/\/altradpoland.pl\/index.php?rest_route=\/wp\/v2\/users\/1"}],"replies":[{"embeddable":true,"href":"https:\/\/altradpoland.pl\/index.php?rest_route=%2Fwp%2Fv2%2Fcomments&post=7"}],"version-history":[{"count":3,"href":"https:\/\/altradpoland.pl\/index.php?rest_route=\/wp\/v2\/pages\/7\/revisions"}],"predecessor-version":[{"id":181,"href":"https:\/\/altradpoland.pl\/index.php?rest_route=\/wp\/v2\/pages\/7\/revisions\/181"}],"wp:attachment":[{"href":"https:\/\/altradpoland.pl\/index.php?rest_route=%2Fwp%2Fv2%2Fmedia&parent=7"}],"curies":[{"name":"wp","href":"https:\/\/api.w.org\/{rel}","templated":true}]}}