{"id":8,"date":"2020-06-19T09:35:08","date_gmt":"2020-06-19T07:35:08","guid":{"rendered":"http:\/\/127.0.0.1\/wordpress\/?page_id=8"},"modified":"2024-12-02T10:08:16","modified_gmt":"2024-12-02T09:08:16","slug":"kontakt","status":"publish","type":"page","link":"https:\/\/altradpoland.pl\/?page_id=8","title":{"rendered":"Kontakt"},"content":{"rendered":"\n<figure class=\"wp-block-table\"><table><tbody><tr><td class=\"has-text-align-center\" data-align=\"center\">Altrad Poland S.A.<br>ul. Nowosielska 6,<br>15-617 BIA\u0141YSTOK<br>NIP 542-020-84-31<br>REGON 050024289<\/td><\/tr><\/tbody><\/table><\/figure>\n\n\n\n<figure class=\"wp-block-table\"><table><tbody><tr><td class=\"has-text-align-center\" data-align=\"center\"><\/td><\/tr><tr><td class=\"has-text-align-center\" data-align=\"center\"><strong>AUTORYZOWANY PUNKT SPRZEDA\u017bY CZ\u0118\u015aCI ZAMIENNYCH DO BETONIAREK<\/strong><\/td><\/tr><tr><td class=\"has-text-align-center\" data-align=\"center\">RAWIKO Krzysztof Kowalczyk<br>Huta Wa\u0142owska 12<br>96-200 Rawa Mazowiecka<br><a rel=\"noreferrer noopener\" href=\"http:\/\/www.rawiko.pl\/\" target=\"_blank\">www.rawiko.pl<\/a><br>&nbsp;<a href=\"mailto:biuro@rawiko.pl\">biuro@rawiko.pl<\/a><br>&nbsp;tel. 501-713-102<\/td><\/tr><tr><td class=\"has-text-align-center\" data-align=\"center\"><\/td><\/tr><tr><td class=\"has-text-align-center\" data-align=\"center\"><strong>Sklep detaliczny &#8211; cz\u0119\u015bci zamienne:<\/strong><br><br>Patryk Bia\u0142kowski<br>tel. 721 258 605<br><br><img loading=\"lazy\" decoding=\"async\" width=\"500\" height=\"464\" class=\"wp-image-274\" style=\"width: 500px;\" src=\"https:\/\/altradpoland.pl\/wp-content\/uploads\/2023\/09\/polska.jpg\" alt=\"\" srcset=\"https:\/\/altradpoland.pl\/wp-content\/uploads\/2023\/09\/polska.jpg 1021w, https:\/\/altradpoland.pl\/wp-content\/uploads\/2023\/09\/polska-300x279.jpg 300w, https:\/\/altradpoland.pl\/wp-content\/uploads\/2023\/09\/polska-768x713.jpg 768w\" sizes=\"auto, (max-width: 500px) 100vw, 500px\" \/><br><br><strong>DZIA\u0141 SPRZEDA\u017bY KRAJOWEJ<\/strong><br><br><strong>Rejon: 8,12<\/strong><br>Tomasz Walczak<br>tel. 502 523 307<br><br><strong>Rejon: 7,9,10,11,13,14,15<\/strong><br>\u0141ukasz Jaworski<br>tel. 602 341 566<br><a href=\"mailto:lukaszj@altradpoland.pl\" target=\"_blank\" rel=\"noreferrer noopener\">lukaszj@altradpoland.pl<\/a><br><br><strong>Rejon: 16<\/strong><br>Piotr Stypu\u0142kowski<br>tel. 507 061 440<br><br><strong>Rejon: 1,2,3,4,5,6<\/strong><br>Wojciech Klentak<br>tel. 603 811 825<br><\/td><\/tr><tr><td class=\"has-text-align-center\" data-align=\"center\"><\/td><\/tr><tr><td class=\"has-text-align-center\" data-align=\"center\"><strong>OBS\u0141UGA SPRZEDA\u017bY I LOGISTYKI<\/strong> \u00a0<br><strong>DZIA\u0141 EXPORTU<\/strong><br>\u00a0<br>Dominika Leonczuk<br>tel. 721 258 608<br>gg 2152505<br><\/td><\/tr><tr><td class=\"has-text-align-center\" data-align=\"center\"><\/td><\/tr><tr><td class=\"has-text-align-center\" data-align=\"center\"><strong>SERWIS GWARANCYJNY\/REKLAMACJE<\/strong><br><br> W przypadku braku odpowiedzi wy\u015blij sms z opisem problemu \u2013 ODDZWONIMY<br>serwis<br>tel. 603 817 965<br>&nbsp;<br><img loading=\"lazy\" decoding=\"async\" width=\"300\" height=\"72\" class=\"wp-image-232\" style=\"width: 300px;\" src=\"https:\/\/altradpoland.pl\/wp-content\/uploads\/2021\/03\/Przechwytywanie-w-trybie-pelnoekranowym-12.03.2021-145214.jpg\" alt=\"\"><br>tel. 721 258 606<br><\/td><\/tr><tr><td class=\"has-text-align-center\" data-align=\"center\"><\/td><\/tr><tr><td class=\"has-text-align-center\" data-align=\"center\"><\/td><\/tr><\/tbody><\/table><\/figure>\n\n\n\n<p><\/p>\n","protected":false},"excerpt":{"rendered":"<p>Altrad Poland S.A.ul. Nowosielska 6,15-617 BIA\u0141YSTOKNIP 542-020-84-31REGON 050024289 AUTORYZOWANY PUNKT SPRZEDA\u017bY CZ\u0118\u015aCI ZAMIENNYCH DO BETONIAREK RAWIKO Krzysztof KowalczykHuta Wa\u0142owska 1296-200<\/p>\n","protected":false},"author":1,"featured_media":0,"parent":0,"menu_order":0,"comment_status":"closed","ping_status":"closed","template":"","meta":{"footnotes":""},"class_list":["post-8","page","type-page","status-publish","hentry","comments-off"],"_links":{"self":[{"href":"https:\/\/altradpoland.pl\/index.php?rest_route=\/wp\/v2\/pages\/8","targetHints":{"allow":["GET"]}}],"collection":[{"href":"https:\/\/altradpoland.pl\/index.php?rest_route=\/wp\/v2\/pages"}],"about":[{"href":"https:\/\/altradpoland.pl\/index.php?rest_route=\/wp\/v2\/types\/page"}],"author":[{"embeddable":true,"href":"https:\/\/altradpoland.pl\/index.php?rest_route=\/wp\/v2\/users\/1"}],"replies":[{"embeddable":true,"href":"https:\/\/altradpoland.pl\/index.php?rest_route=%2Fwp%2Fv2%2Fcomments&post=8"}],"version-history":[{"count":23,"href":"https:\/\/altradpoland.pl\/index.php?rest_route=\/wp\/v2\/pages\/8\/revisions"}],"predecessor-version":[{"id":310,"href":"https:\/\/altradpoland.pl\/index.php?rest_route=\/wp\/v2\/pages\/8\/revisions\/310"}],"wp:attachment":[{"href":"https:\/\/altradpoland.pl\/index.php?rest_route=%2Fwp%2Fv2%2Fmedia&parent=8"}],"curies":[{"name":"wp","href":"https:\/\/api.w.org\/{rel}","templated":true}]}}